{"id":10,"date":"2019-04-12T03:09:54","date_gmt":"2019-04-12T03:09:54","guid":{"rendered":"https:\/\/o.nash.org.nz\/?page_id=10"},"modified":"2019-10-31T16:37:59","modified_gmt":"2019-10-31T03:37:59","slug":"about-us","status":"publish","type":"page","link":"https:\/\/o.nash.org.nz\/?page_id=10","title":{"rendered":"About Us"},"content":{"rendered":"<div class=\"wpb-content-wrapper\">[vc_row fullwidth=&#8221;true&#8221; css=&#8221;.vc_custom_1572399464766{padding-top: 260px !important;background-image: url(https:\/\/o.nash.org.nz\/wp-content\/uploads\/2019\/10\/ko-wai-matou-pm-visit-manuka-tutahi-1.jpg?id=1699) !important;background-position: center !important;background-repeat: no-repeat !important;background-size: cover !important;}&#8221; el_class=&#8221;about-us-image&#8221;][vc_column width=&#8221;1\/2&#8243; el_class=&#8221;nash-page-title-background&#8221; css=&#8221;.vc_custom_1563852252810{padding-top: 30px !important;padding-right: 40px !important;padding-bottom: 30px !important;padding-left: 40px !important;background-color: rgba(4,54,76,0.4) !important;*background-color: rgb(4,54,76) !important;}&#8221;][vc_custom_heading text=&#8221;Ko Wai M\u0101tou&#8221; font_container=&#8221;tag:h1|text_align:left&#8221; use_theme_fonts=&#8221;yes&#8221;][vc_custom_heading text=&#8221;About Us&#8221; use_theme_fonts=&#8221;yes&#8221;][\/vc_column][\/vc_row][vc_row fullwidth=&#8221;true&#8221; fullwidth_content=&#8221;false&#8221; css=&#8221;.vc_custom_1562716069138{padding-top: 75px !important;padding-bottom: 75px !important;background-image: url(https:\/\/o.nash.org.nz\/wp-content\/uploads\/2019\/07\/white_background_tile.png?id=533) !important;background-position: center !important;background-repeat: no-repeat !important;background-size: cover !important;}&#8221;][vc_column][vc_row_inner css=&#8221;.vc_custom_1563845934542{padding-bottom: 30px !important;}&#8221;][vc_column_inner width=&#8221;1\/6&#8243;][\/vc_column_inner][vc_column_inner width=&#8221;2\/3&#8243;][vc_column_text align=&#8221;center&#8221; el_class=&#8221;nash-page-intro&#8221; css=&#8221;.vc_custom_1572493022369{margin-bottom: 0px !important;}&#8221;]\n<h3>Te Tohu o Te Ora o Ng\u0101ti Awa is one of the largest integrated M\u0101ori providers in the Eastern Bay of Plenty. Established in 1989 to provide M\u0101tua Wh\u0101ngai services to Iwi, the organisation grew from a small Level 1 Care &amp; Family Support Service, to an approved Iwi Provider of Health, Social and Education Services.<\/h3>\n[\/vc_column_text][\/vc_column_inner][vc_column_inner width=&#8221;1\/6&#8243;][\/vc_column_inner][\/vc_row_inner][\/vc_column][\/vc_row][vc_row fullwidth=&#8221;true&#8221; fullwidth_content=&#8221;false&#8221; css=&#8221;.vc_custom_1563249757522{padding-top: 75px !important;padding-bottom: 75px !important;background-image: url(https:\/\/o.nash.org.nz\/wp-content\/uploads\/2019\/07\/orange_tiled_background.png?id=808) !important;background-position: center !important;background-repeat: no-repeat !important;background-size: cover !important;}&#8221; el_class=&#8221;nash-mission-values-row&#8221;][vc_column width=&#8221;1\/2&#8243; css=&#8221;.vc_custom_1563250858944{padding-left: 25px !important;}&#8221;][vc_column_text css=&#8221;.vc_custom_1571800313435{margin-bottom: 0px !important;}&#8221;]The need to merge our health policy arm formally known as Te Tohunga Ora Mo Ng\u0101ti Awa, with the Social Service arm of Te R\u016bnanga o Ng\u0101ti Awa, was recognised by the Iwi and in 1997, Te Tohu o Te Ora o Ng\u0101ti Awa was constituted and mandated to provide all social and health services to Ng\u0101ti Awa.[\/vc_column_text][\/vc_column][vc_column width=&#8221;1\/2&#8243; css=&#8221;.vc_custom_1563250610458{padding-left: 25px !important;}&#8221;][vc_column_text css=&#8221;.vc_custom_1563844950325{margin-bottom: 0px !important;}&#8221;]Today, Te Tohu o Te Ora o Ng\u0101ti Awa is continuing to develop its social and health initiatives. Te Tohu o Te Ora o Ng\u0101ti Awa intends to provide a comprehensive and seamless suite of health and social related services, which will benefit both Iwi and the wider community.[\/vc_column_text][\/vc_column][\/vc_row][vc_row fullwidth=&#8221;true&#8221; el_class=&#8221;equal-columns-container services-section&#8221; css=&#8221;.vc_custom_1571282610193{background-image: url(https:\/\/o.nash.org.nz\/wp-content\/uploads\/2019\/07\/white_background_tile.png?id=533) !important;}&#8221;][vc_column][vc_column_text align=&#8221;center&#8221; el_class=&#8221;nash-blocks-title&#8221; css=&#8221;.vc_custom_1563845766761{margin-bottom: 0px !important;}&#8221;]\n<h4>Objectives<\/h4>\n[\/vc_column_text][vc_column_text align=&#8221;center&#8221; el_class=&#8221;nash-blocks-subtitle&#8221; css=&#8221;.vc_custom_1563845898192{margin-bottom: 30px !important;}&#8221;]\n<h5>In general terms, Te Tohu o Te Ora o Ng\u0101ti Awa has set itself objectives where it will:<\/h5>\n[\/vc_column_text][vc_row_inner is_fullwidth_content=&#8221;false&#8221;][vc_column_inner width=&#8221;1\/2&#8243;][vc_column_text css=&#8221;.vc_custom_1563845679192{margin-bottom: 0px !important;}&#8221;]\n<ul>\n<li>Achieve the highest standards of administration and delivery of social and health services. These standards will be consistent with;\n<ul>\n<li>recognised professional practices in health care services<\/li>\n<li>New Zealand\u2019s regulatory requirements<\/li>\n<li>effective use of the Trust\u2019s resources<\/li>\n<\/ul>\n<\/li>\n<li>Carry out statutory functions and other obligations in an effective and caring manner consistent with the interest of Iwi and the community.<\/li>\n<\/ul>\n[\/vc_column_text][\/vc_column_inner][vc_column_inner width=&#8221;1\/2&#8243;][vc_column_text css=&#8221;.vc_custom_1563845657450{margin-bottom: 0px !important;}&#8221;]\n<ul>\n<li>Focus on prudent management to provide ongoing flexibility and the ability to meet the requirements of service users.<\/li>\n<li>Maintain ongoing, close and consultative relationships between Te Tohu o Te Ora o Ng\u0101ti Awa, Iwi, the community and regulatory and associated administrative organisation\u2019s.<\/li>\n<li>Provide a professional working environment ensuring that employees are properly trained and motivated.<\/li>\n<\/ul>\n[\/vc_column_text][\/vc_column_inner][\/vc_row_inner][vc_empty_space height=&#8221;60px&#8221;][vc_column_text align=&#8221;center&#8221; el_class=&#8221;nash-blocks-title&#8221; css=&#8221;.vc_custom_1562717111109{margin-bottom: 0px !important;}&#8221;]\n<h4>T\u0101 m\u0101tou ratonga<\/h4>\n[\/vc_column_text][vc_column_text align=&#8221;center&#8221; el_class=&#8221;nash-blocks-subtitle&#8221; css=&#8221;.vc_custom_1571193123276{margin-bottom: 30px !important;}&#8221;]\n<h5>Our Wh\u0101nau Centred Services<\/h5>\n[\/vc_column_text][vc_row_inner is_fullwidth_content=&#8221;false&#8221; el_class=&#8221;table-row&#8221;][vc_column_inner el_class=&#8221;table-cell&#8221; width=&#8221;1\/4&#8243;][vc_single_image image=&#8221;1499&#8243; img_size=&#8221;full&#8221; alignment=&#8221;center&#8221;][vc_column_text align=&#8221;center&#8221; el_class=&#8221;equal-column-text&#8221; css=&#8221;.vc_custom_1571191946829{margin-bottom: 0px !important;}&#8221;]\n<h5>Te Apaaparau o Rehua Ariki<\/h5>\n<p>Health<br \/>\nServices<\/p>\n<p><a href=\"https:\/\/o.nash.org.nz\/our-services\/health-services\/\">Read More<\/a>[\/vc_column_text][\/vc_column_inner][vc_column_inner el_class=&#8221;table-cell&#8221; width=&#8221;1\/4&#8243;][vc_single_image image=&#8221;1501&#8243; img_size=&#8221;full&#8221; alignment=&#8221;center&#8221;][vc_column_text align=&#8221;center&#8221; el_class=&#8221;equal-column-text&#8221; css=&#8221;.vc_custom_1571191952522{margin-bottom: 0px !important;}&#8221;]\n<h5>Te Apaaparau o Uepoto<\/h5>\n<p>Community<br \/>\nServices<\/p>\n<p><a href=\"https:\/\/o.nash.org.nz\/our-services\/community-services\/\">Read More<\/a>[\/vc_column_text][\/vc_column_inner][vc_column_inner el_class=&#8221;table-cell&#8221; width=&#8221;1\/4&#8243;][vc_single_image image=&#8221;1502&#8243; img_size=&#8221;full&#8221; alignment=&#8221;center&#8221;][vc_column_text align=&#8221;center&#8221; el_class=&#8221;equal-column-text&#8221; css=&#8221;.vc_custom_1571191940910{margin-bottom: 0px !important;}&#8221;]\n<h5>Te Waipuna Ariki o Matangireia<\/h5>\n<p>Education<br \/>\nServices<\/p>\n<p><a href=\"https:\/\/o.nash.org.nz\/our-services\/education-services\/\">Read More<\/a>[\/vc_column_text][\/vc_column_inner][vc_column_inner el_class=&#8221;table-cell&#8221; width=&#8221;1\/4&#8243;][vc_single_image image=&#8221;1500&#8243; img_size=&#8221;full&#8221; alignment=&#8221;center&#8221;][vc_column_text align=&#8221;center&#8221; el_class=&#8221;equal-column-text&#8221; css=&#8221;.vc_custom_1571880537589{margin-bottom: 0px !important;}&#8221;]\n<h5>Eastern Bay Iwi Provider Alliance<\/h5>\n<p>Alliance<br \/>\nServices<\/p>\n<p><a href=\"https:\/\/o.nash.org.nz\/our-services\/eastern-bay-iwi-provider-alliance\/\">Read More<\/a>[\/vc_column_text][\/vc_column_inner][\/vc_row_inner][\/vc_column][\/vc_row][vc_row fullwidth=&#8221;true&#8221; fullwidth_content=&#8221;false&#8221; css=&#8221;.vc_custom_1562728850380{padding-top: 30px !important;padding-bottom: 30px !important;background-image: url(https:\/\/o.nash.org.nz\/wp-content\/uploads\/2019\/07\/feedback_background.png?id=579) !important;background-position: center !important;background-repeat: no-repeat !important;background-size: cover !important;}&#8221; el_class=&#8221;nash-feedback-section&#8221;][vc_column width=&#8221;1\/2&#8243; css=&#8221;.vc_custom_1562728982080{padding-right: 60px !important;}&#8221;][vc_column_text align=&#8221;right&#8221; el_class=&#8221;nash-feedback-survey&#8221; css=&#8221;.vc_custom_1563844719500{margin-bottom: 0px !important;}&#8221;]\n<h4>Arotakengia<\/h4>\n<p>Please fill out our customer feedback survey<\/p>\n<p><a href=\"\/feedback-survey\">K\u014drero mai<br \/>\n<span class=\"button-description\">Feedback Survey<\/span><\/a>[\/vc_column_text][\/vc_column][vc_column width=&#8221;1\/2&#8243;][\/vc_column][\/vc_row]\n<\/div>","protected":false},"excerpt":{"rendered":"<p>[vc_row fullwidth=&#8221;true&#8221; css=&#8221;.vc_custom_1572399464766{padding-top: 260px !important;background-image: url(https:\/\/o.nash.org.nz\/wp-content\/uploads\/2019\/10\/ko-wai-matou-pm-visit-manuka-tutahi-1.jpg?id=1699) !important;background-position: center !important;background-repeat: no-repeat !important;background-size: cover !important;}&#8221; el_class=&#8221;about-us-image&#8221;][vc_column width=&#8221;1\/2&#8243; el_class=&#8221;nash-page-title-background&#8221; css=&#8221;.vc_custom_1563852252810{padding-top: 30px !important;padding-right: 40px !important;padding-bottom: 30px !important;padding-left: 40px !important;background-color: rgba(4,54,76,0.4) !important;*background-color: rgb(4,54,76) !important;}&#8221;][vc_custom_heading text=&#8221;Ko [&hellip;]<\/p>\n","protected":false},"author":1,"featured_media":0,"parent":0,"menu_order":20,"comment_status":"closed","ping_status":"closed","template":"","meta":{"rs_blank_template":"","rs_page_bg_color":"","slide_template_v7":"","footnotes":""},"class_list":["post-10","page","type-page","status-publish","hentry"],"yoast_head":"<!-- This site is optimized with the Yoast SEO plugin v27.3 - https:\/\/yoast.com\/product\/yoast-seo-wordpress\/ -->\n<title>About Us | Ng\u0101ti Awa Social and Health Services<\/title>\n<meta name=\"description\" content=\"Find out more about Ng\u0101ti Awa Social and Health Services, our values, our vision, and our mission. Learn more about our organisation&#039;s structure and history.\" \/>\n<meta name=\"robots\" content=\"index, follow, max-snippet:-1, max-image-preview:large, max-video-preview:-1\" \/>\n<link rel=\"canonical\" href=\"https:\/\/o.nash.org.nz\/?page_id=10\" \/>\n<meta property=\"og:locale\" content=\"en_US\" \/>\n<meta property=\"og:type\" content=\"article\" \/>\n<meta property=\"og:title\" content=\"About Us | Ng\u0101ti Awa Social and Health Services\" \/>\n<meta property=\"og:description\" content=\"Find out more about Ng\u0101ti Awa Social and Health Services, our values, our vision, and our mission. Learn more about our organisation&#039;s structure and history.\" \/>\n<meta property=\"og:url\" content=\"https:\/\/o.nash.org.nz\/?page_id=10\" \/>\n<meta property=\"og:site_name\" content=\"Te Tohu o Te Ora o Ngati Awa\" \/>\n<meta property=\"article:modified_time\" content=\"2019-10-31T03:37:59+00:00\" \/>\n<meta name=\"twitter:card\" content=\"summary_large_image\" \/>\n<meta name=\"twitter:label1\" content=\"Est. reading time\" \/>\n\t<meta name=\"twitter:data1\" content=\"5 minutes\" \/>\n<script type=\"application\/ld+json\" class=\"yoast-schema-graph\">{\"@context\":\"https:\\\/\\\/schema.org\",\"@graph\":[{\"@type\":\"WebPage\",\"@id\":\"https:\\\/\\\/o.nash.org.nz\\\/?page_id=10\",\"url\":\"https:\\\/\\\/o.nash.org.nz\\\/?page_id=10\",\"name\":\"About Us | Ng\u0101ti Awa Social and Health Services\",\"isPartOf\":{\"@id\":\"https:\\\/\\\/o.nash.org.nz\\\/#website\"},\"datePublished\":\"2019-04-12T03:09:54+00:00\",\"dateModified\":\"2019-10-31T03:37:59+00:00\",\"description\":\"Find out more about Ng\u0101ti Awa Social and Health Services, our values, our vision, and our mission. Learn more about our organisation's structure and history.\",\"breadcrumb\":{\"@id\":\"https:\\\/\\\/o.nash.org.nz\\\/?page_id=10#breadcrumb\"},\"inLanguage\":\"en-NZ\",\"potentialAction\":[{\"@type\":\"ReadAction\",\"target\":[\"https:\\\/\\\/o.nash.org.nz\\\/?page_id=10\"]}]},{\"@type\":\"BreadcrumbList\",\"@id\":\"https:\\\/\\\/o.nash.org.nz\\\/?page_id=10#breadcrumb\",\"itemListElement\":[{\"@type\":\"ListItem\",\"position\":1,\"name\":\"Home\",\"item\":\"https:\\\/\\\/o.nash.org.nz\\\/\"},{\"@type\":\"ListItem\",\"position\":2,\"name\":\"About Us\"}]},{\"@type\":\"WebSite\",\"@id\":\"https:\\\/\\\/o.nash.org.nz\\\/#website\",\"url\":\"https:\\\/\\\/o.nash.org.nz\\\/\",\"name\":\"Te Tohu o Te Ora o Ngati Awa\",\"description\":\"Te Tohu o Te Ora o Ngati Awa\",\"potentialAction\":[{\"@type\":\"SearchAction\",\"target\":{\"@type\":\"EntryPoint\",\"urlTemplate\":\"https:\\\/\\\/o.nash.org.nz\\\/?s={search_term_string}\"},\"query-input\":{\"@type\":\"PropertyValueSpecification\",\"valueRequired\":true,\"valueName\":\"search_term_string\"}}],\"inLanguage\":\"en-NZ\"}]}<\/script>\n<!-- \/ Yoast SEO plugin. -->","yoast_head_json":{"title":"About Us | Ng\u0101ti Awa Social and Health Services","description":"Find out more about Ng\u0101ti Awa Social and Health Services, our values, our vision, and our mission. Learn more about our organisation's structure and history.","robots":{"index":"index","follow":"follow","max-snippet":"max-snippet:-1","max-image-preview":"max-image-preview:large","max-video-preview":"max-video-preview:-1"},"canonical":"https:\/\/o.nash.org.nz\/?page_id=10","og_locale":"en_US","og_type":"article","og_title":"About Us | Ng\u0101ti Awa Social and Health Services","og_description":"Find out more about Ng\u0101ti Awa Social and Health Services, our values, our vision, and our mission. Learn more about our organisation's structure and history.","og_url":"https:\/\/o.nash.org.nz\/?page_id=10","og_site_name":"Te Tohu o Te Ora o Ngati Awa","article_modified_time":"2019-10-31T03:37:59+00:00","twitter_card":"summary_large_image","twitter_misc":{"Est. reading time":"5 minutes"},"schema":{"@context":"https:\/\/schema.org","@graph":[{"@type":"WebPage","@id":"https:\/\/o.nash.org.nz\/?page_id=10","url":"https:\/\/o.nash.org.nz\/?page_id=10","name":"About Us | Ng\u0101ti Awa Social and Health Services","isPartOf":{"@id":"https:\/\/o.nash.org.nz\/#website"},"datePublished":"2019-04-12T03:09:54+00:00","dateModified":"2019-10-31T03:37:59+00:00","description":"Find out more about Ng\u0101ti Awa Social and Health Services, our values, our vision, and our mission. Learn more about our organisation's structure and history.","breadcrumb":{"@id":"https:\/\/o.nash.org.nz\/?page_id=10#breadcrumb"},"inLanguage":"en-NZ","potentialAction":[{"@type":"ReadAction","target":["https:\/\/o.nash.org.nz\/?page_id=10"]}]},{"@type":"BreadcrumbList","@id":"https:\/\/o.nash.org.nz\/?page_id=10#breadcrumb","itemListElement":[{"@type":"ListItem","position":1,"name":"Home","item":"https:\/\/o.nash.org.nz\/"},{"@type":"ListItem","position":2,"name":"About Us"}]},{"@type":"WebSite","@id":"https:\/\/o.nash.org.nz\/#website","url":"https:\/\/o.nash.org.nz\/","name":"Te Tohu o Te Ora o Ngati Awa","description":"Te Tohu o Te Ora o Ngati Awa","potentialAction":[{"@type":"SearchAction","target":{"@type":"EntryPoint","urlTemplate":"https:\/\/o.nash.org.nz\/?s={search_term_string}"},"query-input":{"@type":"PropertyValueSpecification","valueRequired":true,"valueName":"search_term_string"}}],"inLanguage":"en-NZ"}]}},"_links":{"self":[{"href":"https:\/\/o.nash.org.nz\/index.php?rest_route=\/wp\/v2\/pages\/10","targetHints":{"allow":["GET"]}}],"collection":[{"href":"https:\/\/o.nash.org.nz\/index.php?rest_route=\/wp\/v2\/pages"}],"about":[{"href":"https:\/\/o.nash.org.nz\/index.php?rest_route=\/wp\/v2\/types\/page"}],"author":[{"embeddable":true,"href":"https:\/\/o.nash.org.nz\/index.php?rest_route=\/wp\/v2\/users\/1"}],"replies":[{"embeddable":true,"href":"https:\/\/o.nash.org.nz\/index.php?rest_route=%2Fwp%2Fv2%2Fcomments&post=10"}],"version-history":[{"count":53,"href":"https:\/\/o.nash.org.nz\/index.php?rest_route=\/wp\/v2\/pages\/10\/revisions"}],"predecessor-version":[{"id":2306,"href":"https:\/\/o.nash.org.nz\/index.php?rest_route=\/wp\/v2\/pages\/10\/revisions\/2306"}],"wp:attachment":[{"href":"https:\/\/o.nash.org.nz\/index.php?rest_route=%2Fwp%2Fv2%2Fmedia&parent=10"}],"curies":[{"name":"wp","href":"https:\/\/api.w.org\/{rel}","templated":true}]}}